{"id":11624,"date":"2024-08-06T09:37:00","date_gmt":"2024-08-06T09:37:00","guid":{"rendered":"https:\/\/www.bonittoaesthetic.com\/about-us\/"},"modified":"2025-12-09T14:40:21","modified_gmt":"2025-12-09T14:40:21","slug":"acerca-de-nosotros","status":"publish","type":"page","link":"https:\/\/www.bonittoaesthetic.com\/es\/acerca-de-nosotros\/","title":{"rendered":"Acerca de nosotros"},"content":{"rendered":"<section class=\"block-wyswyg\" id=\"block-1\">\n\t<div class=\"container-fluid g-lg-0\">\n\t\t\t\t<div class=\"wyswyg\"><h1>Acerca de nosotros<\/h1>\n<p>&nbsp;<\/p>\n<p>Bienvenido a BONITTO\u00ae, empresa italiana que presta servicios al mercado m\u00e9dico-est\u00e9tico B2B y B2C con soluciones de alta calidad en rellenos d\u00e9rmicos de \u00e1cido hialur\u00f3nico (dispositivos m\u00e9dicos inyectables), cosm\u00e9ticos profesionales en viales y productos cosm\u00e9ticos y para el cuidado de la piel profesionales. Nuestra cartera de productos est\u00e1 desarrollada para cl\u00ednicas est\u00e9ticas, m\u00e9dicos, distribuidores y profesionales de la belleza, as\u00ed como para clientes finales que buscan un cuidado de la piel fiable y de alto rendimiento. Con un enfoque en la consistencia y la calidad, BONITTO\u00ae respalda los protocolos est\u00e9ticos modernos y las rutinas de cuidado de la piel de primera calidad.<\/p>\n<\/div>\n\t\t\t\t\t\t\t<\/div>\n<\/section>\n\n<section class=\"block-image section-md\" id=\"block-2\">\n\t\t\t<picture>\n                <source  width=\"1776\" height=\"2560\" media=\"(min-width:992px)\" srcset=\"https:\/\/www.bonittoaesthetic.com\/wp-content\/uploads\/2024\/10\/14Microscopio.webp\">\n                <img decoding=\"async\" loading=\"lazy\"  width=\"710\" height=\"1024\" class=\"block-image-value\" src=\"https:\/\/www.bonittoaesthetic.com\/wp-content\/uploads\/2024\/10\/14Microscopio-710x1024.webp\" title=\"14Microscopio\" alt=\"Close-up of a microscope with three objective lenses. A pipette is shown introducing a liquid onto a glass slide placed on the microscope stage. The image is tinted with a blue-green hue.\">\n            <\/picture>\t<\/section>\n\n<section class=\"block-wyswyg\" id=\"block-3\">\n\t<div class=\"container-fluid g-lg-0\">\n\t\t\t\t<div class=\"wyswyg\"><h2>Calidad y cumplimiento<\/h2>\n<p>&nbsp;<\/p>\n<p>En BONITTO\u00ae, la calidad est\u00e1 presente en todas las etapas, desde la formulaci\u00f3n y la selecci\u00f3n de materias primas hasta la producci\u00f3n, el envasado y el lanzamiento final.<\/p>\n<p>L\u00edneas cosm\u00e9ticas (cosm\u00e9ticos profesionales en viales + cuidado de la piel): Nuestros cosm\u00e9ticos profesionales en viales y productos cosm\u00e9ticos\/para el cuidado de la piel se notifican a trav\u00e9s del CPNP (Portal de Notificaci\u00f3n de Productos Cosm\u00e9ticos) de la UE, lo que respalda la armonizaci\u00f3n normativa de los productos cosm\u00e9ticos en la Uni\u00f3n Europea.<\/p>\n<p>L\u00edneas de productos sanitarios (solo rellenos): Nuestros rellenos d\u00e9rmicos de AH, clasificados como productos sanitarios inyectables, se fabrican bajo un sistema de gesti\u00f3n de calidad certificado seg\u00fan la norma ISO 13485 y cuentan con el marcado CE seg\u00fan el Reglamento sobre productos sanitarios (MDR) de la UE, lo que refleja un enfoque estructurado y conforme a la normativa en materia de seguridad, trazabilidad y rendimiento.<\/p>\n<p>Los productos BONITTO\u00ae se desarrollan con un enfoque orientado a la calidad y se fabrican bajo procesos controlados y gestionados para garantizar especificaciones consistentes y un rendimiento fiable. En toda nuestra cartera de productos (rellenos d\u00e9rmicos de AH [dispositivos m\u00e9dicos inyectables], cosm\u00e9ticos profesionales en viales y productos cosm\u00e9ticos y para el cuidado de la piel), nos centramos en controles de calidad documentados y en la consistencia de los productos, en los que los profesionales pueden confiar. En nuestra gama de rellenos de AH, prestamos especial atenci\u00f3n a las caracter\u00edsticas de manipulaci\u00f3n, la consistencia del producto, la trazabilidad y los controles centrados en el cumplimiento. En nuestras l\u00edneas de cosm\u00e9ticos, hacemos hincapi\u00e9 en la estabilidad de la f\u00f3rmula, la compatibilidad con la piel y una experiencia sensorial de primera calidad. La mejora continua se gu\u00eda por los comentarios del mercado y la evaluaci\u00f3n de los productos, lo que respalda el perfeccionamiento continuo de las texturas, la facilidad de uso y la fiabilidad general.<\/p>\n<p>Para apoyar a las cl\u00ednicas, los profesionales y los distribuidores, BONITTO\u00ae tambi\u00e9n da prioridad a la disponibilidad fiable, la asistencia receptiva y la distribuci\u00f3n optimizada, lo que ayuda a los socios a ofrecer una experiencia coherente desde la selecci\u00f3n del producto hasta la entrega.<\/p>\n<\/div>\n\t\t\t\t\t\t\t<\/div>\n<\/section>\n\n<section class=\"block-image section-md\" id=\"block-4\">\n\t\t\t<picture>\n                <source  width=\"1710\" height=\"2560\" media=\"(min-width:992px)\" srcset=\"https:\/\/www.bonittoaesthetic.com\/wp-content\/uploads\/2024\/10\/00BlondeModelSigned.webp\">\n                <img decoding=\"async\" loading=\"lazy\"  width=\"684\" height=\"1024\" class=\"block-image-value\" src=\"https:\/\/www.bonittoaesthetic.com\/wp-content\/uploads\/2024\/10\/00BlondeModelSigned-684x1024.webp\" title=\"00BlondeModelSigned\" alt=\"Close-up of a person with blue eyeshadow accentuating the upper eyelid and a matching blue line extending below the lower eyelid. The face has a natural look with light pink lipstick. The hair is straight and light blonde.\">\n            <\/picture>\t<\/section>","protected":false},"excerpt":{"rendered":"","protected":false},"author":1,"featured_media":0,"parent":0,"menu_order":0,"comment_status":"closed","ping_status":"closed","template":"","meta":{"_acf_changed":false,"footnotes":""},"class_list":["post-11624","page","type-page","status-publish","hentry"],"acf":[],"yoast_head":"<!-- This site is optimized with the Yoast SEO plugin v27.3 - https:\/\/yoast.com\/product\/yoast-seo-wordpress\/ -->\n<title>Italian Supplier of Hyaluronic Acid Fillers - Bonitto\u00ae<\/title>\n<meta name=\"description\" content=\"Bonitto, proveedor italiano l\u00edder de rellenos inyectables de \u00e1cido hialur\u00f3nico de alta calidad, dispositivos m\u00e9dicos y soluciones cosm\u00e9ticas est\u00e9riles para profesionales\" \/>\n<meta name=\"robots\" content=\"index, follow, max-snippet:-1, max-image-preview:large, max-video-preview:-1\" \/>\n<link rel=\"canonical\" href=\"https:\/\/www.bonittoaesthetic.com\/es\/acerca-de-nosotros\/\" \/>\n<meta property=\"og:locale\" content=\"es_ES\" \/>\n<meta property=\"og:type\" content=\"article\" \/>\n<meta property=\"og:title\" content=\"About us\" \/>\n<meta property=\"og:description\" content=\"Bonitto\u00a0leads the B2B medical aesthetic market, with high-quality HA fillers, cutting-edge injectable medical devices, and sterile cosmetic solutions, all meticulously crafted using advanced manufacturing processes.\" \/>\n<meta property=\"og:url\" content=\"https:\/\/www.bonittoaesthetic.com\/es\/acerca-de-nosotros\/\" \/>\n<meta property=\"og:site_name\" content=\"Bonitto\u00ae\" \/>\n<meta property=\"article:modified_time\" content=\"2025-12-09T14:40:21+00:00\" \/>\n<meta property=\"og:image\" content=\"https:\/\/www.bonittoaesthetic.com\/wp-content\/uploads\/2024\/08\/bonitto-about-us-min-scaled.jpeg\" \/>\n\t<meta property=\"og:image:width\" content=\"2560\" \/>\n\t<meta property=\"og:image:height\" content=\"1707\" \/>\n\t<meta property=\"og:image:type\" content=\"image\/jpeg\" \/>\n<meta name=\"twitter:card\" content=\"summary_large_image\" \/>\n<meta name=\"twitter:title\" content=\"About us\" \/>\n<meta name=\"twitter:description\" content=\"Bonitto\u00a0leads the B2B medical aesthetic market, with high-quality HA fillers, cutting-edge injectable medical devices, and sterile cosmetic solutions, all meticulously crafted using advanced manufacturing processes.\" \/>\n<meta name=\"twitter:image\" content=\"https:\/\/www.bonittoaesthetic.com\/wp-content\/uploads\/2024\/08\/bonitto-about-us-min-scaled.jpeg\" \/>\n<meta name=\"twitter:label1\" content=\"Tiempo de lectura\" \/>\n\t<meta name=\"twitter:data1\" content=\"3 minutos\" \/>\n<script type=\"application\/ld+json\" class=\"yoast-schema-graph\">{\"@context\":\"https:\\\/\\\/schema.org\",\"@graph\":[{\"@type\":\"WebPage\",\"@id\":\"https:\\\/\\\/www.bonittoaesthetic.com\\\/es\\\/acerca-de-nosotros\\\/\",\"url\":\"https:\\\/\\\/www.bonittoaesthetic.com\\\/es\\\/acerca-de-nosotros\\\/\",\"name\":\"Italian Supplier of Hyaluronic Acid Fillers - Bonitto\u00ae\",\"isPartOf\":{\"@id\":\"https:\\\/\\\/www.bonittoaesthetic.com\\\/es\\\/#website\"},\"datePublished\":\"2024-08-06T09:37:00+00:00\",\"dateModified\":\"2025-12-09T14:40:21+00:00\",\"description\":\"Bonitto, proveedor italiano l\u00edder de rellenos inyectables de \u00e1cido hialur\u00f3nico de alta calidad, dispositivos m\u00e9dicos y soluciones cosm\u00e9ticas est\u00e9riles para profesionales\",\"breadcrumb\":{\"@id\":\"https:\\\/\\\/www.bonittoaesthetic.com\\\/es\\\/acerca-de-nosotros\\\/#breadcrumb\"},\"inLanguage\":\"es\",\"potentialAction\":[{\"@type\":\"ReadAction\",\"target\":[\"https:\\\/\\\/www.bonittoaesthetic.com\\\/es\\\/acerca-de-nosotros\\\/\"]}]},{\"@type\":\"BreadcrumbList\",\"@id\":\"https:\\\/\\\/www.bonittoaesthetic.com\\\/es\\\/acerca-de-nosotros\\\/#breadcrumb\",\"itemListElement\":[{\"@type\":\"ListItem\",\"position\":1,\"name\":\"Home\",\"item\":\"https:\\\/\\\/www.bonittoaesthetic.com\\\/es\\\/\"},{\"@type\":\"ListItem\",\"position\":2,\"name\":\"Acerca de nosotros\"}]},{\"@type\":\"WebSite\",\"@id\":\"https:\\\/\\\/www.bonittoaesthetic.com\\\/es\\\/#website\",\"url\":\"https:\\\/\\\/www.bonittoaesthetic.com\\\/es\\\/\",\"name\":\"Bonitto\u00ae\",\"description\":\"A story of lifescience\",\"publisher\":{\"@id\":\"https:\\\/\\\/www.bonittoaesthetic.com\\\/es\\\/#organization\"},\"potentialAction\":[{\"@type\":\"SearchAction\",\"target\":{\"@type\":\"EntryPoint\",\"urlTemplate\":\"https:\\\/\\\/www.bonittoaesthetic.com\\\/es\\\/?s={search_term_string}\"},\"query-input\":{\"@type\":\"PropertyValueSpecification\",\"valueRequired\":true,\"valueName\":\"search_term_string\"}}],\"inLanguage\":\"es\"},{\"@type\":\"Organization\",\"@id\":\"https:\\\/\\\/www.bonittoaesthetic.com\\\/es\\\/#organization\",\"name\":\"Bonitto\u00ae\",\"url\":\"https:\\\/\\\/www.bonittoaesthetic.com\\\/es\\\/\",\"logo\":{\"@type\":\"ImageObject\",\"inLanguage\":\"es\",\"@id\":\"https:\\\/\\\/www.bonittoaesthetic.com\\\/es\\\/#\\\/schema\\\/logo\\\/image\\\/\",\"url\":\"https:\\\/\\\/www.bonittoaesthetic.com\\\/wp-content\\\/uploads\\\/2024\\\/08\\\/logo-bonitto.svg\",\"contentUrl\":\"https:\\\/\\\/www.bonittoaesthetic.com\\\/wp-content\\\/uploads\\\/2024\\\/08\\\/logo-bonitto.svg\",\"width\":1,\"height\":1,\"caption\":\"Bonitto\u00ae\"},\"image\":{\"@id\":\"https:\\\/\\\/www.bonittoaesthetic.com\\\/es\\\/#\\\/schema\\\/logo\\\/image\\\/\"},\"alternateName\":[\"Bonitto\",\"Bonitto Fillers\"]}]}<\/script>\n<!-- \/ Yoast SEO plugin. -->","yoast_head_json":{"title":"Italian Supplier of Hyaluronic Acid Fillers - Bonitto\u00ae","description":"Bonitto, proveedor italiano l\u00edder de rellenos inyectables de \u00e1cido hialur\u00f3nico de alta calidad, dispositivos m\u00e9dicos y soluciones cosm\u00e9ticas est\u00e9riles para profesionales","robots":{"index":"index","follow":"follow","max-snippet":"max-snippet:-1","max-image-preview":"max-image-preview:large","max-video-preview":"max-video-preview:-1"},"canonical":"https:\/\/www.bonittoaesthetic.com\/es\/acerca-de-nosotros\/","og_locale":"es_ES","og_type":"article","og_title":"About us","og_description":"Bonitto\u00a0leads the B2B medical aesthetic market, with high-quality HA fillers, cutting-edge injectable medical devices, and sterile cosmetic solutions, all meticulously crafted using advanced manufacturing processes.","og_url":"https:\/\/www.bonittoaesthetic.com\/es\/acerca-de-nosotros\/","og_site_name":"Bonitto\u00ae","article_modified_time":"2025-12-09T14:40:21+00:00","og_image":[{"width":2560,"height":1707,"url":"https:\/\/www.bonittoaesthetic.com\/wp-content\/uploads\/2024\/08\/bonitto-about-us-min-scaled.jpeg","type":"image\/jpeg"}],"twitter_card":"summary_large_image","twitter_title":"About us","twitter_description":"Bonitto\u00a0leads the B2B medical aesthetic market, with high-quality HA fillers, cutting-edge injectable medical devices, and sterile cosmetic solutions, all meticulously crafted using advanced manufacturing processes.","twitter_image":"https:\/\/www.bonittoaesthetic.com\/wp-content\/uploads\/2024\/08\/bonitto-about-us-min-scaled.jpeg","twitter_misc":{"Tiempo de lectura":"3 minutos"},"schema":{"@context":"https:\/\/schema.org","@graph":[{"@type":"WebPage","@id":"https:\/\/www.bonittoaesthetic.com\/es\/acerca-de-nosotros\/","url":"https:\/\/www.bonittoaesthetic.com\/es\/acerca-de-nosotros\/","name":"Italian Supplier of Hyaluronic Acid Fillers - Bonitto\u00ae","isPartOf":{"@id":"https:\/\/www.bonittoaesthetic.com\/es\/#website"},"datePublished":"2024-08-06T09:37:00+00:00","dateModified":"2025-12-09T14:40:21+00:00","description":"Bonitto, proveedor italiano l\u00edder de rellenos inyectables de \u00e1cido hialur\u00f3nico de alta calidad, dispositivos m\u00e9dicos y soluciones cosm\u00e9ticas est\u00e9riles para profesionales","breadcrumb":{"@id":"https:\/\/www.bonittoaesthetic.com\/es\/acerca-de-nosotros\/#breadcrumb"},"inLanguage":"es","potentialAction":[{"@type":"ReadAction","target":["https:\/\/www.bonittoaesthetic.com\/es\/acerca-de-nosotros\/"]}]},{"@type":"BreadcrumbList","@id":"https:\/\/www.bonittoaesthetic.com\/es\/acerca-de-nosotros\/#breadcrumb","itemListElement":[{"@type":"ListItem","position":1,"name":"Home","item":"https:\/\/www.bonittoaesthetic.com\/es\/"},{"@type":"ListItem","position":2,"name":"Acerca de nosotros"}]},{"@type":"WebSite","@id":"https:\/\/www.bonittoaesthetic.com\/es\/#website","url":"https:\/\/www.bonittoaesthetic.com\/es\/","name":"Bonitto\u00ae","description":"A story of lifescience","publisher":{"@id":"https:\/\/www.bonittoaesthetic.com\/es\/#organization"},"potentialAction":[{"@type":"SearchAction","target":{"@type":"EntryPoint","urlTemplate":"https:\/\/www.bonittoaesthetic.com\/es\/?s={search_term_string}"},"query-input":{"@type":"PropertyValueSpecification","valueRequired":true,"valueName":"search_term_string"}}],"inLanguage":"es"},{"@type":"Organization","@id":"https:\/\/www.bonittoaesthetic.com\/es\/#organization","name":"Bonitto\u00ae","url":"https:\/\/www.bonittoaesthetic.com\/es\/","logo":{"@type":"ImageObject","inLanguage":"es","@id":"https:\/\/www.bonittoaesthetic.com\/es\/#\/schema\/logo\/image\/","url":"https:\/\/www.bonittoaesthetic.com\/wp-content\/uploads\/2024\/08\/logo-bonitto.svg","contentUrl":"https:\/\/www.bonittoaesthetic.com\/wp-content\/uploads\/2024\/08\/logo-bonitto.svg","width":1,"height":1,"caption":"Bonitto\u00ae"},"image":{"@id":"https:\/\/www.bonittoaesthetic.com\/es\/#\/schema\/logo\/image\/"},"alternateName":["Bonitto","Bonitto Fillers"]}]}},"_links":{"self":[{"href":"https:\/\/www.bonittoaesthetic.com\/es\/wp-json\/wp\/v2\/pages\/11624","targetHints":{"allow":["GET"]}}],"collection":[{"href":"https:\/\/www.bonittoaesthetic.com\/es\/wp-json\/wp\/v2\/pages"}],"about":[{"href":"https:\/\/www.bonittoaesthetic.com\/es\/wp-json\/wp\/v2\/types\/page"}],"author":[{"embeddable":true,"href":"https:\/\/www.bonittoaesthetic.com\/es\/wp-json\/wp\/v2\/users\/1"}],"replies":[{"embeddable":true,"href":"https:\/\/www.bonittoaesthetic.com\/es\/wp-json\/wp\/v2\/comments?post=11624"}],"version-history":[{"count":3,"href":"https:\/\/www.bonittoaesthetic.com\/es\/wp-json\/wp\/v2\/pages\/11624\/revisions"}],"predecessor-version":[{"id":13564,"href":"https:\/\/www.bonittoaesthetic.com\/es\/wp-json\/wp\/v2\/pages\/11624\/revisions\/13564"}],"wp:attachment":[{"href":"https:\/\/www.bonittoaesthetic.com\/es\/wp-json\/wp\/v2\/media?parent=11624"}],"curies":[{"name":"wp","href":"https:\/\/api.w.org\/{rel}","templated":true}]}}