{"id":12705,"date":"2024-08-06T09:35:46","date_gmt":"2024-08-06T09:35:46","guid":{"rendered":"https:\/\/www.bonittoaesthetic.com\/homepage\/"},"modified":"2026-02-03T08:26:02","modified_gmt":"2026-02-03T08:26:02","slug":"homepage","status":"publish","type":"page","link":"https:\/\/www.bonittoaesthetic.com\/es\/","title":{"rendered":"Homepage"},"content":{"rendered":"<section class=\"block-wyswyg\" id=\"block-1\">\n\t<div class=\"container-fluid g-lg-0\">\n\t\t\t\t<div class=\"wyswyg\"><h1>Proveedor europeo de rellenos de \u00e1cido hialur\u00f3nico<\/h1>\n<p class=\"p1\"><em>Mejorado por la ciencia, inspirado en el estilo de vida.<\/em><\/p>\n<p>&nbsp;<\/p>\n<p>Existe un puente entre Europa y el resto del mundo: un punto de encuentro entre las tendencias culturales y la innovaci\u00f3n cient\u00edfica, representado por una marca de rellenos inyectables de \u00e1cido hialur\u00f3nico de alta calidad, dispositivos m\u00e9dicos y soluciones cosm\u00e9ticas est\u00e9riles para profesionales.<\/p>\n<p>Bonitto es el nombre de esta marca: un proveedor europeo de rellenos de \u00e1cido hialur\u00f3nico, cosm\u00e9ticos profesionales y productos avanzados para el cuidado de la piel. Combinando la excelencia de la manufactura italiana con la precisi\u00f3n y el rigor de la distribuci\u00f3n vienesa, Bonitto expresa una visi\u00f3n de vitalidad, bienestar y estilo atemporal.<\/p>\n<p>Con una gama cuidadosamente seleccionada de productos premium dise\u00f1ados para realzar la belleza natural, rejuvenecer la piel y ofrecer resultados seguros y eficaces, Bonitto promueve una nueva cultura est\u00e9tica dedicada a celebrar todas las formas de belleza.<\/p>\n<\/div>\n\t\t\t\t\t\t<div class=\"mt-5\">\n\t\t\t<a class=\"btn btn-white-outline\" href=\"https:\/\/www.bonittoaesthetic.com\/es\/acerca-de-nosotros\/\" >Qui\u00e9nes somos<\/a>\t\n\t\t<\/div>\n\t\t\t\t\t<\/div>\n<\/section>\n\n<section class=\"block-video section-md\" id=\"block-2\">\n\t\t\t\t\t\t<video class=\"full-height\" controls autoplay muted playsinline loop>\n\t\t\t  \t<source src=\"https:\/\/www.bonittoaesthetic.com\/wp-content\/uploads\/2025\/04\/250326-BONITTO-90sec-V6-verticale.webm\" type=\"video\/webm\">\n\t\t\t\tYour browser does not support the video tag.\n\t\t\t<\/video>\n\t\t\t<\/section>\n\n\n\n\n\n<section class=\"block-wyswyg\" id=\"block-5\">\n\t<div class=\"container-fluid g-lg-0\">\n\t\t\t\t<div class=\"wyswyg\"><h2>Rellenos y formulaciones de \u00e1cido hialur\u00f3nico de fabricaci\u00f3n italiana<\/h2>\n<p>M\u00e1s que belleza: una experiencia de bienestar y autoconfianza.<\/p>\n<p>Combinando la investigaci\u00f3n y la tecnolog\u00eda m\u00e1s avanzadas con el encanto atemporal de la elegancia cl\u00e1sica, Bonitto se distingue por sus rellenos d\u00e9rmicos de alto rendimiento, cosm\u00e9ticos profesionales y formulaciones avanzadas para el cuidado de la piel.<!-- notionvc: 99ceb1ec-25d6-4487-922c-5949235092aa --><\/p>\n<\/div>\n\t\t\t\t\t\t\t<\/div>\n<\/section>\n\n<section class=\"block-image section-md\" id=\"block-6\">\n\t\t\t<picture>\n                <source  width=\"1776\" height=\"2560\" media=\"(min-width:992px)\" srcset=\"https:\/\/www.bonittoaesthetic.com\/wp-content\/uploads\/2024\/10\/15DropsHA.webp\">\n                <img decoding=\"async\" loading=\"lazy\"  width=\"710\" height=\"1024\" class=\"block-image-value\" src=\"https:\/\/www.bonittoaesthetic.com\/wp-content\/uploads\/2024\/10\/15DropsHA-710x1024.webp\" title=\"15DropsHA\" alt=\"innovative dermal fillers through all-in-one solutions\">\n            <\/picture>\t<\/section>\n\n<section class=\"block-wyswyg\" id=\"block-7\">\n\t<div class=\"container-fluid g-lg-0\">\n\t\t\t\t<div class=\"wyswyg\"><h2>L\u00edder europeo en formulaci\u00f3n m\u00e9dica<\/h2>\n<p>Belleza natural inspirada en las obras maestras de la escultura cl\u00e1sica.<\/p>\n<p>Con formulaciones avanzadas y una amplia selecci\u00f3n de rellenos, soluciones para mesoterapia y productos para el cuidado de la piel, Bonitto se dedica al cuidado personal y a la constante exploraci\u00f3n de la relaci\u00f3n entre el bienestar interior y la belleza exterior.<!-- notionvc: 91a98bac-290b-4774-a037-3bf377ba1d7f --><\/p>\n<\/div>\n\t\t\t\t\t\t\t\t\t<div class=\"mt-5\">\n\t\t\t\t\t\t\t\t\t<a class=\"block-wyswyg-products-cat-link\" href=\"https:\/\/www.bonittoaesthetic.com\/es\/product-category\/rellenos-de-acido-hialuronico-tecnologia-ha\/\">\n\t\t\t\t\t\t<span class=\"row g-0 align-items-center\">\n\t\t\t\t\t\t\t<span class=\"block-wyswyg-products-cat-link-logo\">\n\t\t\t\t\t\t\t\t<picture>\n                <source  media=\"(min-width:992px)\" srcset=\"https:\/\/www.bonittoaesthetic.com\/wp-content\/uploads\/2024\/10\/fillers.svg\">\n                <img decoding=\"async\" loading=\"lazy\"  class=\"block-wyswyg-products-cat-img\" src=\"https:\/\/www.bonittoaesthetic.com\/wp-content\/uploads\/2024\/10\/fillers.svg\" title=\"fillers\" alt=\"fillers\">\n            <\/picture>\t\t\t\t\t\t\t<\/span>\n\t\t\t\t\t\t\t<span class=\"block-wyswyg-products-cat-link-text\">\n\t\t\t\t\t\t\t\tRellenos de \u00e1cido hialur\u00f3nico (tecnolog\u00eda HA)\t\t\t\t\t\t\t<\/span>\n\t\t\t\t\t\t<\/span>\n\t\t\t\t\t<\/a>\n\t\t\t\t\t\t\t\t\t<a class=\"block-wyswyg-products-cat-link\" href=\"https:\/\/www.bonittoaesthetic.com\/es\/product-category\/rellenos-de-acido-hialuronico-y-aminoacidos-aprobados-por-la-mdr\/\">\n\t\t\t\t\t\t<span class=\"row g-0 align-items-center\">\n\t\t\t\t\t\t\t<span class=\"block-wyswyg-products-cat-link-logo\">\n\t\t\t\t\t\t\t\t<picture>\n                <source  media=\"(min-width:992px)\" srcset=\"https:\/\/www.bonittoaesthetic.com\/wp-content\/uploads\/2024\/10\/fillers.svg\">\n                <img decoding=\"async\" loading=\"lazy\"  class=\"block-wyswyg-products-cat-img\" src=\"https:\/\/www.bonittoaesthetic.com\/wp-content\/uploads\/2024\/10\/fillers.svg\" title=\"fillers\" alt=\"fillers\">\n            <\/picture>\t\t\t\t\t\t\t<\/span>\n\t\t\t\t\t\t\t<span class=\"block-wyswyg-products-cat-link-text\">\n\t\t\t\t\t\t\t\tRellenos de \u00e1cido hialur\u00f3nico y amino\u00e1cidos aprobados por la MDR\t\t\t\t\t\t\t<\/span>\n\t\t\t\t\t\t<\/span>\n\t\t\t\t\t<\/a>\n\t\t\t\t\t\t\t\t\t<a class=\"block-wyswyg-products-cat-link\" href=\"https:\/\/www.bonittoaesthetic.com\/es\/product-category\/cosmeticos-profesionales-en-jeringas\/\">\n\t\t\t\t\t\t<span class=\"row g-0 align-items-center\">\n\t\t\t\t\t\t\t<span class=\"block-wyswyg-products-cat-link-logo\">\n\t\t\t\t\t\t\t\t<picture>\n                <source  media=\"(min-width:992px)\" srcset=\"https:\/\/www.bonittoaesthetic.com\/wp-content\/uploads\/2024\/10\/sterile-syringes.svg\">\n                <img decoding=\"async\" loading=\"lazy\"  class=\"block-wyswyg-products-cat-img\" src=\"https:\/\/www.bonittoaesthetic.com\/wp-content\/uploads\/2024\/10\/sterile-syringes.svg\" title=\"sterile-syringes\" alt=\"sterile syringes\">\n            <\/picture>\t\t\t\t\t\t\t<\/span>\n\t\t\t\t\t\t\t<span class=\"block-wyswyg-products-cat-link-text\">\n\t\t\t\t\t\t\t\tCosm\u00e9ticos profesionales en jeringas\t\t\t\t\t\t\t<\/span>\n\t\t\t\t\t\t<\/span>\n\t\t\t\t\t<\/a>\n\t\t\t\t\t\t\t\t\t<a class=\"block-wyswyg-products-cat-link\" href=\"https:\/\/www.bonittoaesthetic.com\/es\/product-category\/cosmeticos-profesionales-en-viales\/\">\n\t\t\t\t\t\t<span class=\"row g-0 align-items-center\">\n\t\t\t\t\t\t\t<span class=\"block-wyswyg-products-cat-link-logo\">\n\t\t\t\t\t\t\t\t<picture>\n                <source  media=\"(min-width:992px)\" srcset=\"https:\/\/www.bonittoaesthetic.com\/wp-content\/uploads\/2024\/10\/vials.svg\">\n                <img decoding=\"async\" loading=\"lazy\"  class=\"block-wyswyg-products-cat-img\" src=\"https:\/\/www.bonittoaesthetic.com\/wp-content\/uploads\/2024\/10\/vials.svg\" title=\"vials\" alt=\"vials\">\n            <\/picture>\t\t\t\t\t\t\t<\/span>\n\t\t\t\t\t\t\t<span class=\"block-wyswyg-products-cat-link-text\">\n\t\t\t\t\t\t\t\tCosm\u00e9ticos profesionales en viales\t\t\t\t\t\t\t<\/span>\n\t\t\t\t\t\t<\/span>\n\t\t\t\t\t<\/a>\n\t\t\t\t\t\t\t\t\t<a class=\"block-wyswyg-products-cat-link\" href=\"https:\/\/www.bonittoaesthetic.com\/es\/product-category\/cuidado-de-la-piel\/\">\n\t\t\t\t\t\t<span class=\"row g-0 align-items-center\">\n\t\t\t\t\t\t\t<span class=\"block-wyswyg-products-cat-link-logo\">\n\t\t\t\t\t\t\t\t<picture>\n                <source  media=\"(min-width:992px)\" srcset=\"https:\/\/www.bonittoaesthetic.com\/wp-content\/uploads\/2024\/10\/cosmeceuticals.svg\">\n                <img decoding=\"async\" loading=\"lazy\"  class=\"block-wyswyg-products-cat-img\" src=\"https:\/\/www.bonittoaesthetic.com\/wp-content\/uploads\/2024\/10\/cosmeceuticals.svg\" title=\"cosmeceuticals\" alt=\"cosmeceuticals\">\n            <\/picture>\t\t\t\t\t\t\t<\/span>\n\t\t\t\t\t\t\t<span class=\"block-wyswyg-products-cat-link-text\">\n\t\t\t\t\t\t\t\tCuidado de la piel\t\t\t\t\t\t\t<\/span>\n\t\t\t\t\t\t<\/span>\n\t\t\t\t\t<\/a>\n\t\t\t\t\t\t\t<\/div>\n\t\t\t<\/div>\n<\/section>\n\n<section class=\"block-image section-md\" id=\"block-8\">\n\t\t\t<picture>\n                <source  width=\"2048\" height=\"2560\" media=\"(min-width:992px)\" srcset=\"https:\/\/www.bonittoaesthetic.com\/wp-content\/uploads\/2024\/11\/GruppoPackBonitto_HR-RGB-con-trademark.webp\">\n                <img decoding=\"async\" loading=\"lazy\"  width=\"819\" height=\"1024\" class=\"block-image-value\" src=\"https:\/\/www.bonittoaesthetic.com\/wp-content\/uploads\/2024\/11\/GruppoPackBonitto_HR-RGB-con-trademark-819x1024.webp\" title=\"GruppoPackBonitto_HR RGB con trademark\" alt=\"wide range of products: dermal fillers, various compositions of mesotherapies and professional skin care\">\n            <\/picture>\t<\/section>\n\n<section class=\"block-wyswyg\" id=\"block-9\">\n\t<div class=\"container-fluid g-lg-0\">\n\t\t\t\t<div class=\"wyswyg\"><h2>Noticias y eventos<\/h2>\n<p>Sigue una versi\u00f3n renovada y rejuvenecida de ti mismo con Bonitto\u00ae. Explora un mundo hecho de estilo de vida y ciencia.<\/p>\n<\/div>\n\t\t\t\t\t\t<div class=\"mt-5\">\n\t\t\t<a class=\"btn btn-white-outline\" href=\"https:\/\/www.bonittoaesthetic.com\/news-events\/\" >Ver todo<\/a>\t\n\t\t<\/div>\n\t\t\t\t\t<\/div>\n<\/section>\n\n<section class=\"block-last-news\" id=\"block-10\">\n\t<div class=\"container-fluid g-lg-0\">\n\t\t\t\t\t<div class=\"row\">\n\t\t\t\t\t\t\t\t\t\t\t\t\t\t\t\t\t\t<div class=\"col-12 col-lg-4 mb-4\">\n\t\t\t\t\t\t<a class=\"post-link\" href=\"https:\/\/www.bonittoaesthetic.com\/es\/2026\/02\/03\/imcas-paris-2026\/\">\n\t\t\t\t\t\t\t\t\t\t\t\t\t\t\t\t\t\t\t\t\t\t<span class=\"post-img-wrapper\">\n\t\t\t\t\t\t\t\t<img decoding=\"async\" loading=\"lazy\" class=\"post-img\" alt=\"Gr\u00e1fico promocional de IMCAS Par\u00eds 2026 con la Torre Eiffel, detalles del evento y Bonitto en el stand A104. Fechas del evento: 29-31 de enero de 2026, en el Palacio de Congresos de Par\u00eds.\" src=\"https:\/\/www.bonittoaesthetic.com\/wp-content\/uploads\/2026\/02\/IMCAS_3.webp\" \/>\n\t\t\t\t\t\t\t<\/span>\n\t\t\t\t\t\t\t\t\t\t\t\t\t\t<span class=\"post-text-wrapper\">\n\t\t\t\t\t\t\t\t<span class=\"post-text-date\">\n\t\t\t\t\t\t\t\t\t03\/02\/2026\t\t\t\t\t\t\t\t<\/span>\n\t\t\t\t\t\t\t\t<span class=\"cat-link\">Eventos<\/span>\t\t\t\t\t\t\t\t<h3>IMCAS Par\u00eds 2026<\/h3>\n\t\t\t\t\t\t\t<\/span>\n\t\t\t\t\t\t<\/a>\n\t\t\t\t\t<\/div>\n\t\t\t\t\t\t\t\t\t\t\t\t\t\t<div class=\"col-12 col-lg-4 mb-4\">\n\t\t\t\t\t\t<a class=\"post-link\" href=\"https:\/\/www.bonittoaesthetic.com\/es\/2025\/12\/10\/las-soluciones-adecuadas-para-el-acne\/\">\n\t\t\t\t\t\t\t\t\t\t\t\t\t\t\t\t\t\t\t\t\t\t<span class=\"post-img-wrapper\">\n\t\t\t\t\t\t\t\t<img decoding=\"async\" loading=\"lazy\" class=\"post-img\" alt=\"Una mujer con los ojos cerrados se toca suavemente la barbilla, mostrando acn\u00e9 rojo y manchas en la mejilla sobre un fondo verde.\" src=\"https:\/\/www.bonittoaesthetic.com\/wp-content\/uploads\/2025\/12\/acne.webp\" \/>\n\t\t\t\t\t\t\t<\/span>\n\t\t\t\t\t\t\t\t\t\t\t\t\t\t<span class=\"post-text-wrapper\">\n\t\t\t\t\t\t\t\t<span class=\"post-text-date\">\n\t\t\t\t\t\t\t\t\t10\/12\/2025\t\t\t\t\t\t\t\t<\/span>\n\t\t\t\t\t\t\t\t<span class=\"cat-link\">Art\u00edculos de investigaci\u00f3n<\/span><span class=\"cat-link\"> | <\/span><span class=\"cat-link\">Mesoterapia<\/span>\t\t\t\t\t\t\t\t<h3>Las soluciones adecuadas para el acn\u00e9<\/h3>\n\t\t\t\t\t\t\t<\/span>\n\t\t\t\t\t\t<\/a>\n\t\t\t\t\t<\/div>\n\t\t\t\t\t\t\t\t\t\t\t\t\t\t<div class=\"col-12 col-lg-4 mb-4\">\n\t\t\t\t\t\t<a class=\"post-link\" href=\"https:\/\/www.bonittoaesthetic.com\/es\/2025\/12\/04\/bonitto-at-amwc-asia-pacific-2025\/\">\n\t\t\t\t\t\t\t\t\t\t\t\t\t\t\t\t\t\t\t\t\t\t<span class=\"post-img-wrapper\">\n\t\t\t\t\t\t\t\t<img decoding=\"async\" loading=\"lazy\" class=\"post-img\" alt=\"Gr\u00e1fico promocional para el evento AMWC Asia Pacific en The Athenee Hotel, Bangkok, con edificios de la ciudad y una piscina de fondo. El texto destaca el stand 78 y las fechas del evento: 20 y 21 de noviembre de 2025.\" src=\"https:\/\/www.bonittoaesthetic.com\/wp-content\/uploads\/2025\/12\/amwc-bangkok-2025.webp\" \/>\n\t\t\t\t\t\t\t<\/span>\n\t\t\t\t\t\t\t\t\t\t\t\t\t\t<span class=\"post-text-wrapper\">\n\t\t\t\t\t\t\t\t<span class=\"post-text-date\">\n\t\t\t\t\t\t\t\t\t04\/12\/2025\t\t\t\t\t\t\t\t<\/span>\n\t\t\t\t\t\t\t\t<span class=\"cat-link\">Eventos<\/span>\t\t\t\t\t\t\t\t<h3>BONITTO\u00ae EN AMWC ASIA PACIFIC 2025<\/h3>\n\t\t\t\t\t\t\t<\/span>\n\t\t\t\t\t\t<\/a>\n\t\t\t\t\t<\/div>\n\t\t\t\t\t\t\t\t\t\t\t<\/div>\n\t\t\t<\/div>\n<\/section>","protected":false},"excerpt":{"rendered":"","protected":false},"author":1,"featured_media":0,"parent":0,"menu_order":0,"comment_status":"closed","ping_status":"closed","template":"","meta":{"_acf_changed":false,"footnotes":""},"class_list":["post-12705","page","type-page","status-publish","hentry"],"acf":[],"yoast_head":"<!-- This site is optimized with the Yoast SEO plugin v27.3 - https:\/\/yoast.com\/product\/yoast-seo-wordpress\/ -->\n<title>Proveedor europeo de rellenos de \u00e1cido hialur\u00f3nico - Bonitto\u00ae<\/title>\n<meta name=\"description\" content=\"Bonitto es un proveedor europeo de rellenos de \u00e1cido hialur\u00f3nico, cosm\u00e9ticos profesionales y productos avanzados para el cuidado de la piel\" \/>\n<meta name=\"robots\" content=\"index, follow, max-snippet:-1, max-image-preview:large, max-video-preview:-1\" \/>\n<link rel=\"canonical\" href=\"https:\/\/www.bonittoaesthetic.com\/es\/\" \/>\n<meta property=\"og:locale\" content=\"es_ES\" \/>\n<meta property=\"og:type\" content=\"article\" \/>\n<meta property=\"og:title\" content=\"Proveedor europeo de rellenos de \u00e1cido hialur\u00f3nico - Bonitto\u00ae\" \/>\n<meta property=\"og:description\" content=\"Bonitto es un proveedor europeo de rellenos de \u00e1cido hialur\u00f3nico, cosm\u00e9ticos profesionales y productos avanzados para el cuidado de la piel\" \/>\n<meta property=\"og:url\" content=\"https:\/\/www.bonittoaesthetic.com\/es\/\" \/>\n<meta property=\"og:site_name\" content=\"Bonitto\u00ae\" \/>\n<meta property=\"article:modified_time\" content=\"2026-02-03T08:26:02+00:00\" \/>\n<meta property=\"og:image\" content=\"https:\/\/www.bonittoaesthetic.com\/wp-content\/uploads\/2024\/11\/GruppoPackBonitto_HR-RGB-con-trademark.webp\" \/>\n\t<meta property=\"og:image:width\" content=\"2048\" \/>\n\t<meta property=\"og:image:height\" content=\"2560\" \/>\n\t<meta property=\"og:image:type\" content=\"image\/webp\" \/>\n<meta name=\"twitter:card\" content=\"summary_large_image\" \/>\n<meta name=\"twitter:label1\" content=\"Tiempo de lectura\" \/>\n\t<meta name=\"twitter:data1\" content=\"3 minutos\" \/>\n<script type=\"application\/ld+json\" class=\"yoast-schema-graph\">{\"@context\":\"https:\\\/\\\/schema.org\",\"@graph\":[{\"@type\":\"WebPage\",\"@id\":\"https:\\\/\\\/www.bonittoaesthetic.com\\\/es\\\/\",\"url\":\"https:\\\/\\\/www.bonittoaesthetic.com\\\/es\\\/\",\"name\":\"Proveedor europeo de rellenos de \u00e1cido hialur\u00f3nico - Bonitto\u00ae\",\"isPartOf\":{\"@id\":\"https:\\\/\\\/www.bonittoaesthetic.com\\\/es\\\/#website\"},\"datePublished\":\"2024-08-06T09:35:46+00:00\",\"dateModified\":\"2026-02-03T08:26:02+00:00\",\"description\":\"Bonitto es un proveedor europeo de rellenos de \u00e1cido hialur\u00f3nico, cosm\u00e9ticos profesionales y productos avanzados para el cuidado de la piel\",\"breadcrumb\":{\"@id\":\"https:\\\/\\\/www.bonittoaesthetic.com\\\/es\\\/#breadcrumb\"},\"inLanguage\":\"es\",\"potentialAction\":[{\"@type\":\"ReadAction\",\"target\":[\"https:\\\/\\\/www.bonittoaesthetic.com\\\/es\\\/\"]}]},{\"@type\":\"BreadcrumbList\",\"@id\":\"https:\\\/\\\/www.bonittoaesthetic.com\\\/es\\\/#breadcrumb\",\"itemListElement\":[{\"@type\":\"ListItem\",\"position\":1,\"name\":\"Home\",\"item\":\"https:\\\/\\\/www.bonittoaesthetic.com\\\/es\\\/\"},{\"@type\":\"ListItem\",\"position\":2,\"name\":\"Homepage\"}]},{\"@type\":\"WebSite\",\"@id\":\"https:\\\/\\\/www.bonittoaesthetic.com\\\/es\\\/#website\",\"url\":\"https:\\\/\\\/www.bonittoaesthetic.com\\\/es\\\/\",\"name\":\"Bonitto\u00ae\",\"description\":\"A story of lifescience\",\"publisher\":{\"@id\":\"https:\\\/\\\/www.bonittoaesthetic.com\\\/es\\\/#organization\"},\"potentialAction\":[{\"@type\":\"SearchAction\",\"target\":{\"@type\":\"EntryPoint\",\"urlTemplate\":\"https:\\\/\\\/www.bonittoaesthetic.com\\\/es\\\/?s={search_term_string}\"},\"query-input\":{\"@type\":\"PropertyValueSpecification\",\"valueRequired\":true,\"valueName\":\"search_term_string\"}}],\"inLanguage\":\"es\"},{\"@type\":\"Organization\",\"@id\":\"https:\\\/\\\/www.bonittoaesthetic.com\\\/es\\\/#organization\",\"name\":\"Bonitto\u00ae\",\"url\":\"https:\\\/\\\/www.bonittoaesthetic.com\\\/es\\\/\",\"logo\":{\"@type\":\"ImageObject\",\"inLanguage\":\"es\",\"@id\":\"https:\\\/\\\/www.bonittoaesthetic.com\\\/es\\\/#\\\/schema\\\/logo\\\/image\\\/\",\"url\":\"https:\\\/\\\/www.bonittoaesthetic.com\\\/wp-content\\\/uploads\\\/2024\\\/08\\\/logo-bonitto.svg\",\"contentUrl\":\"https:\\\/\\\/www.bonittoaesthetic.com\\\/wp-content\\\/uploads\\\/2024\\\/08\\\/logo-bonitto.svg\",\"width\":1,\"height\":1,\"caption\":\"Bonitto\u00ae\"},\"image\":{\"@id\":\"https:\\\/\\\/www.bonittoaesthetic.com\\\/es\\\/#\\\/schema\\\/logo\\\/image\\\/\"},\"alternateName\":[\"Bonitto\",\"Bonitto Fillers\"]}]}<\/script>\n<!-- \/ Yoast SEO plugin. -->","yoast_head_json":{"title":"Proveedor europeo de rellenos de \u00e1cido hialur\u00f3nico - Bonitto\u00ae","description":"Bonitto es un proveedor europeo de rellenos de \u00e1cido hialur\u00f3nico, cosm\u00e9ticos profesionales y productos avanzados para el cuidado de la piel","robots":{"index":"index","follow":"follow","max-snippet":"max-snippet:-1","max-image-preview":"max-image-preview:large","max-video-preview":"max-video-preview:-1"},"canonical":"https:\/\/www.bonittoaesthetic.com\/es\/","og_locale":"es_ES","og_type":"article","og_title":"Proveedor europeo de rellenos de \u00e1cido hialur\u00f3nico - Bonitto\u00ae","og_description":"Bonitto es un proveedor europeo de rellenos de \u00e1cido hialur\u00f3nico, cosm\u00e9ticos profesionales y productos avanzados para el cuidado de la piel","og_url":"https:\/\/www.bonittoaesthetic.com\/es\/","og_site_name":"Bonitto\u00ae","article_modified_time":"2026-02-03T08:26:02+00:00","og_image":[{"width":2048,"height":2560,"url":"https:\/\/www.bonittoaesthetic.com\/wp-content\/uploads\/2024\/11\/GruppoPackBonitto_HR-RGB-con-trademark.webp","type":"image\/webp"}],"twitter_card":"summary_large_image","twitter_misc":{"Tiempo de lectura":"3 minutos"},"schema":{"@context":"https:\/\/schema.org","@graph":[{"@type":"WebPage","@id":"https:\/\/www.bonittoaesthetic.com\/es\/","url":"https:\/\/www.bonittoaesthetic.com\/es\/","name":"Proveedor europeo de rellenos de \u00e1cido hialur\u00f3nico - Bonitto\u00ae","isPartOf":{"@id":"https:\/\/www.bonittoaesthetic.com\/es\/#website"},"datePublished":"2024-08-06T09:35:46+00:00","dateModified":"2026-02-03T08:26:02+00:00","description":"Bonitto es un proveedor europeo de rellenos de \u00e1cido hialur\u00f3nico, cosm\u00e9ticos profesionales y productos avanzados para el cuidado de la piel","breadcrumb":{"@id":"https:\/\/www.bonittoaesthetic.com\/es\/#breadcrumb"},"inLanguage":"es","potentialAction":[{"@type":"ReadAction","target":["https:\/\/www.bonittoaesthetic.com\/es\/"]}]},{"@type":"BreadcrumbList","@id":"https:\/\/www.bonittoaesthetic.com\/es\/#breadcrumb","itemListElement":[{"@type":"ListItem","position":1,"name":"Home","item":"https:\/\/www.bonittoaesthetic.com\/es\/"},{"@type":"ListItem","position":2,"name":"Homepage"}]},{"@type":"WebSite","@id":"https:\/\/www.bonittoaesthetic.com\/es\/#website","url":"https:\/\/www.bonittoaesthetic.com\/es\/","name":"Bonitto\u00ae","description":"A story of lifescience","publisher":{"@id":"https:\/\/www.bonittoaesthetic.com\/es\/#organization"},"potentialAction":[{"@type":"SearchAction","target":{"@type":"EntryPoint","urlTemplate":"https:\/\/www.bonittoaesthetic.com\/es\/?s={search_term_string}"},"query-input":{"@type":"PropertyValueSpecification","valueRequired":true,"valueName":"search_term_string"}}],"inLanguage":"es"},{"@type":"Organization","@id":"https:\/\/www.bonittoaesthetic.com\/es\/#organization","name":"Bonitto\u00ae","url":"https:\/\/www.bonittoaesthetic.com\/es\/","logo":{"@type":"ImageObject","inLanguage":"es","@id":"https:\/\/www.bonittoaesthetic.com\/es\/#\/schema\/logo\/image\/","url":"https:\/\/www.bonittoaesthetic.com\/wp-content\/uploads\/2024\/08\/logo-bonitto.svg","contentUrl":"https:\/\/www.bonittoaesthetic.com\/wp-content\/uploads\/2024\/08\/logo-bonitto.svg","width":1,"height":1,"caption":"Bonitto\u00ae"},"image":{"@id":"https:\/\/www.bonittoaesthetic.com\/es\/#\/schema\/logo\/image\/"},"alternateName":["Bonitto","Bonitto Fillers"]}]}},"_links":{"self":[{"href":"https:\/\/www.bonittoaesthetic.com\/es\/wp-json\/wp\/v2\/pages\/12705","targetHints":{"allow":["GET"]}}],"collection":[{"href":"https:\/\/www.bonittoaesthetic.com\/es\/wp-json\/wp\/v2\/pages"}],"about":[{"href":"https:\/\/www.bonittoaesthetic.com\/es\/wp-json\/wp\/v2\/types\/page"}],"author":[{"embeddable":true,"href":"https:\/\/www.bonittoaesthetic.com\/es\/wp-json\/wp\/v2\/users\/1"}],"replies":[{"embeddable":true,"href":"https:\/\/www.bonittoaesthetic.com\/es\/wp-json\/wp\/v2\/comments?post=12705"}],"version-history":[{"count":6,"href":"https:\/\/www.bonittoaesthetic.com\/es\/wp-json\/wp\/v2\/pages\/12705\/revisions"}],"predecessor-version":[{"id":14107,"href":"https:\/\/www.bonittoaesthetic.com\/es\/wp-json\/wp\/v2\/pages\/12705\/revisions\/14107"}],"wp:attachment":[{"href":"https:\/\/www.bonittoaesthetic.com\/es\/wp-json\/wp\/v2\/media?parent=12705"}],"curies":[{"name":"wp","href":"https:\/\/api.w.org\/{rel}","templated":true}]}}