{"id":13885,"date":"2026-01-09T11:23:27","date_gmt":"2026-01-09T11:23:27","guid":{"rendered":"https:\/\/www.bonittoaesthetic.com\/expert-insights-demonstrations\/"},"modified":"2026-01-09T11:28:53","modified_gmt":"2026-01-09T11:28:53","slug":"expert-insights-demonstrations","status":"publish","type":"page","link":"https:\/\/www.bonittoaesthetic.com\/tr\/expert-insights-demonstrations\/","title":{"rendered":"Uzman G\u00f6r\u00fc\u015fleri ve G\u00f6sterimler"},"content":{"rendered":"<section class=\"block-wyswyg\" id=\"block-1\">\n\t<div class=\"container-fluid g-lg-0\">\n\t\t\t\t<div class=\"wyswyg\"><h2>Bebek Y\u00fcz\u00fc Dolgusu \u00d6ncesi ve Sonras\u0131 | Klinik Teknik G\u00f6sterimi<\/h2>\n<p>Bu video, enjeksiyon tekniklerini, y\u00fcz anatomisi ile ilgili hususlar\u0131 ve dermal dolgu maddeleri kullan\u0131larak do\u011fal hacim restorasyonunu g\u00f6steren, ad\u0131m ad\u0131m bebek y\u00fcz\u00fc dolgusu tedavisini g\u00f6stermektedir. E\u011fitim ama\u00e7l\u0131 ve profesyonel referans i\u00e7in haz\u0131rlanm\u0131\u015ft\u0131r.<\/p>\n<\/div>\n\t\t\t\t\t\t\t<\/div>\n<\/section>\n\n<section class=\"block-video section-lg\" id=\"block-2\">\n\t\t\t\t\t\t<div class=\"container-fluid g-lg-0\">\n\t\t\t\t<video class=\"standard\" controls>\n\t\t\t\t  \t<source src=\"https:\/\/www.bonittoaesthetic.com\/wp-content\/uploads\/2026\/01\/16-9-BONITTO-Before-and-After-_1-1.mp4\" type=\"video\/mp4\">\n\t\t\t\t\tYour browser does not support the video tag.\n\t\t\t\t<\/video>\n\t\t\t<\/div>\n\t\t\t<\/section>","protected":false},"excerpt":{"rendered":"","protected":false},"author":1,"featured_media":0,"parent":0,"menu_order":0,"comment_status":"closed","ping_status":"closed","template":"page-templates\/template-vertical-scroll.php","meta":{"_acf_changed":false,"footnotes":""},"class_list":["post-13885","page","type-page","status-publish","hentry"],"acf":[],"yoast_head":"<!-- This site is optimized with the Yoast SEO plugin v27.3 - https:\/\/yoast.com\/product\/yoast-seo-wordpress\/ -->\n<title>Uzman G\u00f6r\u00fc\u015fleri ve G\u00f6sterimler - Bonitto\u00ae<\/title>\n<meta name=\"robots\" content=\"index, follow, max-snippet:-1, max-image-preview:large, max-video-preview:-1\" \/>\n<link rel=\"canonical\" href=\"https:\/\/www.bonittoaesthetic.com\/tr\/expert-insights-demonstrations\/\" \/>\n<meta property=\"og:locale\" content=\"tr_TR\" \/>\n<meta property=\"og:type\" content=\"article\" \/>\n<meta property=\"og:title\" content=\"Uzman G\u00f6r\u00fc\u015fleri ve G\u00f6sterimler - Bonitto\u00ae\" \/>\n<meta property=\"og:url\" content=\"https:\/\/www.bonittoaesthetic.com\/tr\/expert-insights-demonstrations\/\" \/>\n<meta property=\"og:site_name\" content=\"Bonitto\u00ae\" \/>\n<meta property=\"article:modified_time\" content=\"2026-01-09T11:28:53+00:00\" \/>\n<meta property=\"og:image\" content=\"https:\/\/www.bonittoaesthetic.com\/wp-content\/uploads\/2024\/11\/GruppoPackBonitto_HR-RGB-con-trademark.webp\" \/>\n\t<meta property=\"og:image:width\" content=\"2048\" \/>\n\t<meta property=\"og:image:height\" content=\"2560\" \/>\n\t<meta property=\"og:image:type\" content=\"image\/webp\" \/>\n<meta name=\"twitter:card\" content=\"summary_large_image\" \/>\n<meta name=\"twitter:label1\" content=\"Tahmini okuma s\u00fcresi\" \/>\n\t<meta name=\"twitter:data1\" content=\"1 dakika\" \/>\n<script type=\"application\/ld+json\" class=\"yoast-schema-graph\">{\"@context\":\"https:\\\/\\\/schema.org\",\"@graph\":[{\"@type\":\"WebPage\",\"@id\":\"https:\\\/\\\/www.bonittoaesthetic.com\\\/tr\\\/expert-insights-demonstrations\\\/\",\"url\":\"https:\\\/\\\/www.bonittoaesthetic.com\\\/tr\\\/expert-insights-demonstrations\\\/\",\"name\":\"Uzman G\u00f6r\u00fc\u015fleri ve G\u00f6sterimler - Bonitto\u00ae\",\"isPartOf\":{\"@id\":\"https:\\\/\\\/www.bonittoaesthetic.com\\\/tr\\\/#website\"},\"datePublished\":\"2026-01-09T11:23:27+00:00\",\"dateModified\":\"2026-01-09T11:28:53+00:00\",\"breadcrumb\":{\"@id\":\"https:\\\/\\\/www.bonittoaesthetic.com\\\/tr\\\/expert-insights-demonstrations\\\/#breadcrumb\"},\"inLanguage\":\"tr\",\"potentialAction\":[{\"@type\":\"ReadAction\",\"target\":[\"https:\\\/\\\/www.bonittoaesthetic.com\\\/tr\\\/expert-insights-demonstrations\\\/\"]}]},{\"@type\":\"BreadcrumbList\",\"@id\":\"https:\\\/\\\/www.bonittoaesthetic.com\\\/tr\\\/expert-insights-demonstrations\\\/#breadcrumb\",\"itemListElement\":[{\"@type\":\"ListItem\",\"position\":1,\"name\":\"Home\",\"item\":\"https:\\\/\\\/www.bonittoaesthetic.com\\\/tr\\\/\"},{\"@type\":\"ListItem\",\"position\":2,\"name\":\"Uzman G\u00f6r\u00fc\u015fleri ve G\u00f6sterimler\"}]},{\"@type\":\"WebSite\",\"@id\":\"https:\\\/\\\/www.bonittoaesthetic.com\\\/tr\\\/#website\",\"url\":\"https:\\\/\\\/www.bonittoaesthetic.com\\\/tr\\\/\",\"name\":\"Bonitto\u00ae\",\"description\":\"A story of lifescience\",\"publisher\":{\"@id\":\"https:\\\/\\\/www.bonittoaesthetic.com\\\/tr\\\/#organization\"},\"potentialAction\":[{\"@type\":\"SearchAction\",\"target\":{\"@type\":\"EntryPoint\",\"urlTemplate\":\"https:\\\/\\\/www.bonittoaesthetic.com\\\/tr\\\/?s={search_term_string}\"},\"query-input\":{\"@type\":\"PropertyValueSpecification\",\"valueRequired\":true,\"valueName\":\"search_term_string\"}}],\"inLanguage\":\"tr\"},{\"@type\":\"Organization\",\"@id\":\"https:\\\/\\\/www.bonittoaesthetic.com\\\/tr\\\/#organization\",\"name\":\"Bonitto\u00ae\",\"url\":\"https:\\\/\\\/www.bonittoaesthetic.com\\\/tr\\\/\",\"logo\":{\"@type\":\"ImageObject\",\"inLanguage\":\"tr\",\"@id\":\"https:\\\/\\\/www.bonittoaesthetic.com\\\/tr\\\/#\\\/schema\\\/logo\\\/image\\\/\",\"url\":\"https:\\\/\\\/www.bonittoaesthetic.com\\\/wp-content\\\/uploads\\\/2024\\\/08\\\/logo-bonitto.svg\",\"contentUrl\":\"https:\\\/\\\/www.bonittoaesthetic.com\\\/wp-content\\\/uploads\\\/2024\\\/08\\\/logo-bonitto.svg\",\"width\":1,\"height\":1,\"caption\":\"Bonitto\u00ae\"},\"image\":{\"@id\":\"https:\\\/\\\/www.bonittoaesthetic.com\\\/tr\\\/#\\\/schema\\\/logo\\\/image\\\/\"},\"alternateName\":[\"Bonitto\",\"Bonitto Fillers\"]}]}<\/script>\n<!-- \/ Yoast SEO plugin. -->","yoast_head_json":{"title":"Uzman G\u00f6r\u00fc\u015fleri ve G\u00f6sterimler - Bonitto\u00ae","robots":{"index":"index","follow":"follow","max-snippet":"max-snippet:-1","max-image-preview":"max-image-preview:large","max-video-preview":"max-video-preview:-1"},"canonical":"https:\/\/www.bonittoaesthetic.com\/tr\/expert-insights-demonstrations\/","og_locale":"tr_TR","og_type":"article","og_title":"Uzman G\u00f6r\u00fc\u015fleri ve G\u00f6sterimler - Bonitto\u00ae","og_url":"https:\/\/www.bonittoaesthetic.com\/tr\/expert-insights-demonstrations\/","og_site_name":"Bonitto\u00ae","article_modified_time":"2026-01-09T11:28:53+00:00","og_image":[{"width":2048,"height":2560,"url":"https:\/\/www.bonittoaesthetic.com\/wp-content\/uploads\/2024\/11\/GruppoPackBonitto_HR-RGB-con-trademark.webp","type":"image\/webp"}],"twitter_card":"summary_large_image","twitter_misc":{"Tahmini okuma s\u00fcresi":"1 dakika"},"schema":{"@context":"https:\/\/schema.org","@graph":[{"@type":"WebPage","@id":"https:\/\/www.bonittoaesthetic.com\/tr\/expert-insights-demonstrations\/","url":"https:\/\/www.bonittoaesthetic.com\/tr\/expert-insights-demonstrations\/","name":"Uzman G\u00f6r\u00fc\u015fleri ve G\u00f6sterimler - Bonitto\u00ae","isPartOf":{"@id":"https:\/\/www.bonittoaesthetic.com\/tr\/#website"},"datePublished":"2026-01-09T11:23:27+00:00","dateModified":"2026-01-09T11:28:53+00:00","breadcrumb":{"@id":"https:\/\/www.bonittoaesthetic.com\/tr\/expert-insights-demonstrations\/#breadcrumb"},"inLanguage":"tr","potentialAction":[{"@type":"ReadAction","target":["https:\/\/www.bonittoaesthetic.com\/tr\/expert-insights-demonstrations\/"]}]},{"@type":"BreadcrumbList","@id":"https:\/\/www.bonittoaesthetic.com\/tr\/expert-insights-demonstrations\/#breadcrumb","itemListElement":[{"@type":"ListItem","position":1,"name":"Home","item":"https:\/\/www.bonittoaesthetic.com\/tr\/"},{"@type":"ListItem","position":2,"name":"Uzman G\u00f6r\u00fc\u015fleri ve G\u00f6sterimler"}]},{"@type":"WebSite","@id":"https:\/\/www.bonittoaesthetic.com\/tr\/#website","url":"https:\/\/www.bonittoaesthetic.com\/tr\/","name":"Bonitto\u00ae","description":"A story of lifescience","publisher":{"@id":"https:\/\/www.bonittoaesthetic.com\/tr\/#organization"},"potentialAction":[{"@type":"SearchAction","target":{"@type":"EntryPoint","urlTemplate":"https:\/\/www.bonittoaesthetic.com\/tr\/?s={search_term_string}"},"query-input":{"@type":"PropertyValueSpecification","valueRequired":true,"valueName":"search_term_string"}}],"inLanguage":"tr"},{"@type":"Organization","@id":"https:\/\/www.bonittoaesthetic.com\/tr\/#organization","name":"Bonitto\u00ae","url":"https:\/\/www.bonittoaesthetic.com\/tr\/","logo":{"@type":"ImageObject","inLanguage":"tr","@id":"https:\/\/www.bonittoaesthetic.com\/tr\/#\/schema\/logo\/image\/","url":"https:\/\/www.bonittoaesthetic.com\/wp-content\/uploads\/2024\/08\/logo-bonitto.svg","contentUrl":"https:\/\/www.bonittoaesthetic.com\/wp-content\/uploads\/2024\/08\/logo-bonitto.svg","width":1,"height":1,"caption":"Bonitto\u00ae"},"image":{"@id":"https:\/\/www.bonittoaesthetic.com\/tr\/#\/schema\/logo\/image\/"},"alternateName":["Bonitto","Bonitto Fillers"]}]}},"_links":{"self":[{"href":"https:\/\/www.bonittoaesthetic.com\/tr\/wp-json\/wp\/v2\/pages\/13885","targetHints":{"allow":["GET"]}}],"collection":[{"href":"https:\/\/www.bonittoaesthetic.com\/tr\/wp-json\/wp\/v2\/pages"}],"about":[{"href":"https:\/\/www.bonittoaesthetic.com\/tr\/wp-json\/wp\/v2\/types\/page"}],"author":[{"embeddable":true,"href":"https:\/\/www.bonittoaesthetic.com\/tr\/wp-json\/wp\/v2\/users\/1"}],"replies":[{"embeddable":true,"href":"https:\/\/www.bonittoaesthetic.com\/tr\/wp-json\/wp\/v2\/comments?post=13885"}],"version-history":[{"count":1,"href":"https:\/\/www.bonittoaesthetic.com\/tr\/wp-json\/wp\/v2\/pages\/13885\/revisions"}],"predecessor-version":[{"id":13886,"href":"https:\/\/www.bonittoaesthetic.com\/tr\/wp-json\/wp\/v2\/pages\/13885\/revisions\/13886"}],"wp:attachment":[{"href":"https:\/\/www.bonittoaesthetic.com\/tr\/wp-json\/wp\/v2\/media?parent=13885"}],"curies":[{"name":"wp","href":"https:\/\/api.w.org\/{rel}","templated":true}]}}